{"id":1591,"date":"2023-07-13T15:36:40","date_gmt":"2023-07-13T13:36:40","guid":{"rendered":"https:\/\/saintmauriceguer.com\/?page_id=1591"},"modified":"2023-07-21T11:45:13","modified_gmt":"2023-07-21T09:45:13","slug":"nous-contacter","status":"publish","type":"page","link":"https:\/\/saintmauriceguer.com\/index.php\/nous-contacter\/","title":{"rendered":"Nous contacter"},"content":{"rendered":"<style>\/*! elementor - v3.14.0 - 26-06-2023 *\/\n.elementor-widget-image{text-align:center}.elementor-widget-image a{display:inline-block}.elementor-widget-image a img[src$=\".svg\"]{width:48px}.elementor-widget-image img{vertical-align:middle;display:inline-block}<\/style>\n<p>\t\t\t\t\t\t\t\t\t\t\t\t\t<a href=\"https:\/\/saintmauriceguer.com\/\"><br \/>\n\t\t\t\t\t\t\t<img decoding=\"async\" width=\"300\" height=\"257\" src=\"https:\/\/saintmauriceguer.com\/wp-content\/uploads\/2020\/04\/Logo-Police-Couleur-fond-transparent-2-Copie-300x257.png\" alt=\"\" loading=\"lazy\" srcset=\"https:\/\/saintmauriceguer.com\/wp-content\/uploads\/2020\/04\/Logo-Police-Couleur-fond-transparent-2-Copie-300x257.png 300w, https:\/\/saintmauriceguer.com\/wp-content\/uploads\/2020\/04\/Logo-Police-Couleur-fond-transparent-2-Copie-1024x879.png 1024w, https:\/\/saintmauriceguer.com\/wp-content\/uploads\/2020\/04\/Logo-Police-Couleur-fond-transparent-2-Copie-768x659.png 768w, https:\/\/saintmauriceguer.com\/wp-content\/uploads\/2020\/04\/Logo-Police-Couleur-fond-transparent-2-Copie-1536x1318.png 1536w, https:\/\/saintmauriceguer.com\/wp-content\/uploads\/2020\/04\/Logo-Police-Couleur-fond-transparent-2-Copie-2048x1757.png 2048w, https:\/\/saintmauriceguer.com\/wp-content\/uploads\/2020\/04\/Logo-Police-Couleur-fond-transparent-2-Copie-1200x1030.png 1200w, https:\/\/saintmauriceguer.com\/wp-content\/uploads\/2020\/04\/Logo-Police-Couleur-fond-transparent-2-Copie-1980x1699.png 1980w\" sizes=\"auto, (max-width: 300px) 100vw, 300px\" \/>\t\t\t\t\t\t\t\t<\/a><\/p>\n<p>3 bis Rue du Champ de Foire<\/p>\n<p>56380 GUER<\/p>\n<p>02 97 22 01 77<\/p>\n<p>contact@st-maurice-guer.fr<\/p>\n<style>\/*! elementor - v3.14.0 - 26-06-2023 *\/\n.elementor-heading-title{padding:0;margin:0;line-height:1}.elementor-widget-heading .elementor-heading-title[class*=elementor-size-]>a{color:inherit;font-size:inherit;line-height:inherit}.elementor-widget-heading .elementor-heading-title.elementor-size-small{font-size:15px}.elementor-widget-heading .elementor-heading-title.elementor-size-medium{font-size:19px}.elementor-widget-heading .elementor-heading-title.elementor-size-large{font-size:29px}.elementor-widget-heading .elementor-heading-title.elementor-size-xl{font-size:39px}.elementor-widget-heading .elementor-heading-title.elementor-size-xxl{font-size:59px}<\/style>\n<h2>Nous contacter<\/h2>\n<p>\t\t\t<a href=\"https:\/\/0560135t.index-education.net\/pronote\/\" target=\"_blank\" rel=\"noopener\"><br \/>\n\t\t\t\t\t\tPRONOTE<br \/>\n\t\t\t\t\t<\/a><br \/>\n\t\t\t<a href=\"#\"><br \/>\n\t\t\t\t\t\tACTUALIT\u00c9S<br \/>\n\t\t\t\t\t<\/a><br \/>\n\t\t\t<a href=\"https:\/\/login.microsoftonline.com\/common\/oauth2\/authorize?client_id=00000002-0000-0ff1-ce00-000000000000&#038;redirect_uri=https%3a%2f%2foutlook.office365.com%2fowa%2f&#038;resource=00000002-0000-0ff1-ce00-000000000000&#038;response_mode=form_post&#038;response_type=code+id_token&#038;scope=openid&#038;msafed=1&#038;msaredir=1&#038;client-request-id=0baf65cc-1ef2-1aa2-6cce-7589163a9134&#038;protectedtoken=true&#038;claims=%7b%22id_token%22%3a%7b%22xms_cc%22%3a%7b%22values%22%3a%5b%22CP1%22%5d%7d%7d%7d&#038;domain_hint=st-maurice-guer.fr&#038;nonce=638252836541400251.5fbd5233-a130-42c5-a35b-263400d8b11e&#038;state=DYtBDoAgDMBAH-ErJmxjyHdAwXgwJqjx--7QnlprjBmVQbFeZZbIiYQSRwkYvCfBWVrZhJghI3sItApklgIUWYstFcRq9Z3c9WV3P3Dmtx9rhf2tfW79Bw\"><br \/>\n\t\t\t\t\t\tMESSAGERIE<br \/>\n\t\t\t\t\t<\/a><\/p>\n<p>Par t\u00e9l\u00e9phone:<\/p>\n<p><strong>02 97 22 01 77<\/strong><\/p>\n<p>\u00a0<\/p>\n<p>Du Lundi au Vendredi<\/p>\n<p>de 8H30 \u00e0 17H30<\/p>\n<style>\/*! elementor - v3.14.0 - 26-06-2023 *\/\n.elementor-widget-google_maps .elementor-widget-container{overflow:hidden}.elementor-widget-google_maps .elementor-custom-embed{line-height:0}.elementor-widget-google_maps iframe{height:300px}<\/style>\n<p>\t\t\t<iframe loading=\"lazy\"\n\t\t\t\t\tsrc=\"https:\/\/maps.google.com\/maps?q=Guer%20coll%C3%A8ge%20Saint%20maurice&#038;t=m&#038;z=10&#038;output=embed&#038;iwloc=near\"\n\t\t\t\t\ttitle=\"Guer coll\u00e8ge Saint maurice\"\n\t\t\t\t\taria-label=\"Guer coll\u00e8ge Saint maurice\"\n\t\t\t><\/iframe><\/p>\n","protected":false},"excerpt":{"rendered":"<p>3 bis Rue du Champ de Foire 56380 GUER 02 97 22 01 77 contact@st-maurice-guer.fr Nous contacter PRONOTE ACTUALIT\u00c9S MESSAGERIE Par t\u00e9l\u00e9phone: 02 97 22 01 77 \u00a0 Du Lundi au Vendredi de 8H30 \u00e0 17H30<\/p>\n","protected":false},"author":1,"featured_media":0,"parent":0,"menu_order":0,"comment_status":"closed","ping_status":"closed","template":"elementor_theme","meta":{"footnotes":""},"class_list":["post-1591","page","type-page","status-publish","hentry","entry"],"_links":{"self":[{"href":"https:\/\/saintmauriceguer.com\/index.php\/wp-json\/wp\/v2\/pages\/1591","targetHints":{"allow":["GET"]}}],"collection":[{"href":"https:\/\/saintmauriceguer.com\/index.php\/wp-json\/wp\/v2\/pages"}],"about":[{"href":"https:\/\/saintmauriceguer.com\/index.php\/wp-json\/wp\/v2\/types\/page"}],"author":[{"embeddable":true,"href":"https:\/\/saintmauriceguer.com\/index.php\/wp-json\/wp\/v2\/users\/1"}],"replies":[{"embeddable":true,"href":"https:\/\/saintmauriceguer.com\/index.php\/wp-json\/wp\/v2\/comments?post=1591"}],"version-history":[{"count":52,"href":"https:\/\/saintmauriceguer.com\/index.php\/wp-json\/wp\/v2\/pages\/1591\/revisions"}],"predecessor-version":[{"id":2169,"href":"https:\/\/saintmauriceguer.com\/index.php\/wp-json\/wp\/v2\/pages\/1591\/revisions\/2169"}],"wp:attachment":[{"href":"https:\/\/saintmauriceguer.com\/index.php\/wp-json\/wp\/v2\/media?parent=1591"}],"curies":[{"name":"wp","href":"https:\/\/api.w.org\/{rel}","templated":true}]}}